{"id":2078,"date":"2019-06-06T07:06:17","date_gmt":"2019-06-06T04:06:17","guid":{"rendered":"https:\/\/www.lantafa-nosybe.com\/?page_id=2078"},"modified":"2024-06-05T13:25:30","modified_gmt":"2024-06-05T10:25:30","slug":"attivita","status":"publish","type":"page","link":"https:\/\/www.lantafa-nosybe.com\/it\/attivita\/","title":{"rendered":"Attivit\u00e0"},"content":{"rendered":"<div class=\"wpb-content-wrapper\"><p>[vc_row][vc_column]<h3 class=\"sc_title sc_title_underline sc_align_center\" style=\"text-align:center;\">L\u2019isola dei profumi<\/h3>[\/vc_column][\/vc_row][vc_row][vc_column width=&#8221;1\/2&#8243;][vc_empty_space height=&#8221;24px&#8221;]<div class=\"sc_dropcaps sc_dropcaps_style_1\"><span class=\"sc_dropcaps_item\">N<\/span>osy Be \u00e9 una piccola isola situata a nord-ovest del Madagascar; \u00e9 la pi\u00f9 visitata delle isole malgasce.<\/p>\n<p>\u00c9 un\u2019isola vulcanica ricca di una natura straordinaria.<br \/>\nIl clima \u00e9 tropicale con temperature calde in tutto l\u2019anno. Ci sono circa 340 giorni di sole all\u2019anno, il che favorir\u00e0 un dolce soggiorno.<br \/>\nCome dicono gli abitanti del posto, qua bisogna vivere &#8220;mora-mora&#8221;, cio\u00e9 &#8220;piano-piano&#8221;, tranquillamente.<\/p>\n<p>Hell-Ville \u00e9 il capoluogo. I suoi abitanti sono accoglienti e sorridenti.<br \/>\nPotrete visitare il mercato coperto, vero &#8220;Tempio&#8221; delle spezie e dei frutti tropicali.<br \/>\nLa citt\u00e0 propone una larga scelta di negozi, dove troverete prodotti di artigianato locale, caff\u00e9 e ristoranti..<\/p>\n<p>Nell\u2019isola scoprirete diverse bellissime spiaggie, alcune con sabbia bianca,altre con mangrovie,altre ancora con vista sulle isole vicine. Via terra potrete avventurarvi a visitare i grandi laghi e avvistare i coccodrilli.<br \/>\nDurante le vostre passeggiate, attraverserete le numerose piantagioni di riso, di pepe, di caff\u00e9, di cacao e soprattutto di ylang-ylang.<br \/>\nEd \u00e9 per questa ragione che Nosy Be \u00e9 detta l\u2019isola dei profumi.<\/div>[\/vc_column][vc_column width=&#8221;1\/2&#8243;][vc_empty_space height=&#8221;24px&#8221;][vc_gallery type=&#8221;nivo&#8221; interval=&#8221;5&#8243; images=&#8221;1356,1334,1379,1383&#8243; img_size=&#8221;large&#8221; css_animation=&#8221;none&#8221;][\/vc_column][\/vc_row][vc_row full_width=&#8221;stretch_row_content_no_spaces&#8221; css=&#8221;.vc_custom_1558459384602{margin-top: 50px !important;margin-bottom: 50px !important;}&#8221;][vc_column]<div class=\"sc_parallax margin_top_null margin_right_null margin_bottom_null margin_left_null\" style=\"width:100%;\" data-parallax-speed=\"0.3\" data-parallax-x-pos=\"50%\" data-parallax-y-pos=\"50%\"><div class=\"sc_parallax_content\" style=\"background-image:url(https:\/\/www.lantafa-nosybe.com\/media\/tortue.jpg); background-position:50% 50%;\"><div class=\"sc_content content_wrap margin_top_huge margin_bottom_huge\"><div class=\"sc_section paralax_inner_padding margin_top_huge margin_bottom_huge aligncenter\"><div class=\"sc_section_inner\">[vc_cta h2=&#8221;Il mare di Nosy Be&#8221; h4=&#8221;Offre ai sommozzatori una magnifica barriera corallina ed una variet\u00e0 di pesci straordinaria.&#8221; txt_align=&#8221;center&#8221; style=&#8221;custom&#8221; el_width=&#8221;lg&#8221; custom_text=&#8221;#ffffff&#8221; css=&#8221;.vc_custom_1559795784893{background-color: rgba(0,0,0,0.39) !important;*background-color: rgb(0,0,0) !important;}&#8221;][\/vc_cta]<\/div><\/div><\/div><\/div><\/div>[\/vc_column][\/vc_row][vc_row css=&#8221;.vc_custom_1558464732197{margin-bottom: 50px !important;}&#8221;][vc_column width=&#8221;1\/2&#8243;][vc_gallery type=&#8221;nivo&#8221; interval=&#8221;5&#8243; images=&#8221;1374,1338,1366,1370&#8243; img_size=&#8221;large&#8221; css_animation=&#8221;none&#8221;][\/vc_column][vc_column width=&#8221;1\/2&#8243;][vc_empty_space]<\/p>\n<p>Da settembre alla fine di dicembre, le balene passano nella baia per nutrirsi e partorire.<br \/>Troverete quindi escursioni specializzate per osservare questi giganti del mare. Ne vengono inoltre organizzate altre per nuotare con gli squali balena, molto numerosi in questa zona, che attirano ogni anno sempre piu\u2019 viaggiatori venuti apposta per vederli da vicino.<\/p>\n<p>Si possono inoltre effettuare gite in mare per visitare le isole vicine: Nosy Komba, l\u2019isola dei lemuri; Nosy Sakatia, l\u2019isola delle orchidee; <a href=\"https:\/\/www.nosyiranja.com\/it\/\" target=\"_blank\" rel=\"noopener noreferrer\">Nosy Iranja, composta da due isole collegate da una striscia di sabbia bianca e acque turchesi, classificata come una delle isole piu\u2019 belle del mondo<\/a>\u2026<\/p>\n<p>A Nosy Be potrete anche visitare l\u2019albero sacro, la cascata, Mont Passot con una magnifica vista di tutti i laghi, la riserva di Lokobe, vera foresta primaria, e il parco di Lemurialand dove troverete diverse specie di lemuri del Madagascar.<\/p>\n<p>[\/vc_column][\/vc_row][vc_row full_width=&#8221;stretch_row_content&#8221; parallax=&#8221;content-moving&#8221; css=&#8221;.vc_custom_1558465104523{background-color: #202020 !important;}&#8221;][vc_column width=&#8221;1\/6&#8243;][\/vc_column][vc_column width=&#8221;2\/3&#8243;]<div id=\"sc_call_to_action_531903945\" class=\"sc_call_to_action sc_call_to_action_style_2 sc_call_to_action_align_left margin_top_medium margin_bottom_medium\" style=\"width:100%;\"><div class=\"columns_wrap\"><div class=\"sc_call_to_action_info column-3_4\"><h2 class=\"sc_call_to_action_title sc_item_title\">Prenota il tuo alloggio senza indugio<\/h2><div class=\"sc_call_to_action_descr sc_item_descr\">Seleziona il tuo appartamento per il tuo soggiorno a Nosy Be<\/div><\/div><div class=\"sc_call_to_action_buttons sc_item_buttons column-1_4\"><div class=\"sc_call_to_action_button sc_item_button\"><a href=\"https:\/\/www.lantafa-nosybe.com\/it\/contatti-prenotazioni\" class=\"sc_button sc_button_square sc_button_style_filled sc_button_size_small\">PRENOTA ORA<\/a><\/div><\/div><\/div><\/div>[\/vc_column][vc_column width=&#8221;1\/6&#8243;][\/vc_column][\/vc_row][vc_row][vc_column][vc_column_text][\/vc_column_text][\/vc_column][\/vc_row][vc_row][vc_column width=&#8221;1\/2&#8243;][vc_empty_space]<h3 class=\"sc_title sc_title_underline sc_align_center\" style=\"text-align:center;\">Nelle immediate vicinanze<\/h3>[vc_empty_space height=&#8221;12px&#8221;]<div class=\"sc_dropcaps sc_dropcaps_style_1\"><span class=\"sc_dropcaps_item\">D<\/span>iverse attivit\u00e0 sono raggiungibili a piedi : immersioni subacque, affitto di barche e piroghe,campi da tennis, piscine, spa e pesca sportiva.<\/p>\n<p>Il campo da golf a 18 buche si trova a 10 minuti di distanza dall\u2019Antafa.<\/div>[vc_empty_space][\/vc_column][vc_column width=&#8221;1\/2&#8243;][vc_gallery type=&#8221;nivo&#8221; interval=&#8221;5&#8243; images=&#8221;1320,1308,1312,1324,1316&#8243; img_size=&#8221;large&#8221; css_animation=&#8221;none&#8221;][\/vc_column][\/vc_row][vc_row][vc_column][vc_empty_space][vc_separator color=&#8221;custom&#8221; accent_color=&#8221;#d7b38c&#8221;][vc_empty_space][\/vc_column][\/vc_row][vc_row][vc_column width=&#8221;1\/2&#8243;][vc_empty_space]<h3 class=\"sc_title sc_title_underline sc_align_center\" style=\"text-align:center;\">Ambatoloaka<\/h3>[vc_empty_space height=&#8221;12px&#8221;]<div class=\"sc_dropcaps sc_dropcaps_style_1\"><span class=\"sc_dropcaps_item\">A<\/span>5 minuti di distanza in auto c&#8217;\u00e9 Ambatoloaka, vecchio villaggio di pescatori, che si \u00e9 trasformato in un luogo molto turistico.<br \/>\nLi troverete una vasta scelta di ristoranti, bar e locali notturni.<\/p>\n<p>Potrete noleggiare scooter, moto, quad, auto e moto d\u2019acqua per i vostri spostamenti;ma potrete fare anche immersioni subacquee, visitare le isole vicine o partire in barca per osservare le balene e gli squali balena, durante la stagione del loro passaggio a Nosy Be.<\/p>\n<p>Il villaggio possiede un piccolo mercato che vende prodotti locali freschi ed un supermercato.<\/div>[vc_empty_space][\/vc_column][vc_column width=&#8221;1\/2&#8243;][vc_gallery type=&#8221;nivo&#8221; interval=&#8221;3&#8243; images=&#8221;1343,1460,1339,1331&#8243; img_size=&#8221;large&#8221;][\/vc_column][\/vc_row]<\/p>\n<\/div>","protected":false},"excerpt":{"rendered":"<p>[vc_row][vc_column][\/vc_column][\/vc_row][vc_row][vc_column width=&#8221;1\/2&#8243;][vc_empty_space height=&#8221;24px&#8221;][\/vc_column][vc_column width=&#8221;1\/2&#8243;][vc_empty_space height=&#8221;24px&#8221;][vc_gallery type=&#8221;nivo&#8221; interval=&#8221;5&#8243; images=&#8221;1356,1334,1379,1383&#8243; img_size=&#8221;large&#8221; css_animation=&#8221;none&#8221;][\/vc_column][\/vc_row][vc_row full_width=&#8221;stretch_row_content_no_spaces&#8221; css=&#8221;.vc_custom_1558459384602{margin-top: 50px !important;margin-bottom: 50px !important;}&#8221;][vc_column][\/vc_column][\/vc_row][vc_row css=&#8221;.vc_custom_1558464732197{margin-bottom: 50px !important;}&#8221;][vc_column width=&#8221;1\/2&#8243;][vc_gallery type=&#8221;nivo&#8221; interval=&#8221;5&#8243; images=&#8221;1374,1338,1366,1370&#8243; img_size=&#8221;large&#8221; css_animation=&#8221;none&#8221;][\/vc_column][vc_column width=&#8221;1\/2&#8243;][vc_empty_space][\/vc_column][\/vc_row][vc_row full_width=&#8221;stretch_row_content&#8221; parallax=&#8221;content-moving&#8221; css=&#8221;.vc_custom_1558465104523{background-color: #202020 !important;}&#8221;][vc_column width=&#8221;1\/6&#8243;][\/vc_column][vc_column width=&#8221;2\/3&#8243;][\/vc_column][vc_column width=&#8221;1\/6&#8243;][\/vc_column][\/vc_row][vc_row][vc_column][vc_column_text][\/vc_column_text][\/vc_column][\/vc_row][vc_row][vc_column width=&#8221;1\/2&#8243;][vc_empty_space][vc_empty_space height=&#8221;12px&#8221;][vc_empty_space][\/vc_column][vc_column width=&#8221;1\/2&#8243;][vc_gallery type=&#8221;nivo&#8221; interval=&#8221;5&#8243; images=&#8221;1320,1308,1312,1324,1316&#8243; img_size=&#8221;large&#8221; css_animation=&#8221;none&#8221;][\/vc_column][\/vc_row][vc_row][vc_column][vc_empty_space][vc_separator color=&#8221;custom&#8221; accent_color=&#8221;#d7b38c&#8221;][vc_empty_space][\/vc_column][\/vc_row][vc_row][vc_column width=&#8221;1\/2&#8243;][vc_empty_space][vc_empty_space height=&#8221;12px&#8221;][vc_empty_space][\/vc_column][vc_column width=&#8221;1\/2&#8243;][vc_gallery type=&#8221;nivo&#8221; interval=&#8221;3&#8243; images=&#8221;1343,1460,1339,1331&#8243; img_size=&#8221;large&#8221;][\/vc_column][\/vc_row]<\/p>\n","protected":false},"author":1,"featured_media":0,"parent":0,"menu_order":0,"comment_status":"closed","ping_status":"closed","template":"","meta":{"footnotes":""},"class_list":["post-2078","page","type-page","status-publish","hentry"],"_links":{"self":[{"href":"https:\/\/www.lantafa-nosybe.com\/it\/wp-json\/wp\/v2\/pages\/2078","targetHints":{"allow":["GET"]}}],"collection":[{"href":"https:\/\/www.lantafa-nosybe.com\/it\/wp-json\/wp\/v2\/pages"}],"about":[{"href":"https:\/\/www.lantafa-nosybe.com\/it\/wp-json\/wp\/v2\/types\/page"}],"author":[{"embeddable":true,"href":"https:\/\/www.lantafa-nosybe.com\/it\/wp-json\/wp\/v2\/users\/1"}],"replies":[{"embeddable":true,"href":"https:\/\/www.lantafa-nosybe.com\/it\/wp-json\/wp\/v2\/comments?post=2078"}],"version-history":[{"count":5,"href":"https:\/\/www.lantafa-nosybe.com\/it\/wp-json\/wp\/v2\/pages\/2078\/revisions"}],"predecessor-version":[{"id":2232,"href":"https:\/\/www.lantafa-nosybe.com\/it\/wp-json\/wp\/v2\/pages\/2078\/revisions\/2232"}],"wp:attachment":[{"href":"https:\/\/www.lantafa-nosybe.com\/it\/wp-json\/wp\/v2\/media?parent=2078"}],"curies":[{"name":"wp","href":"https:\/\/api.w.org\/{rel}","templated":true}]}}